{"id":7,"date":"2015-12-09T10:00:54","date_gmt":"2015-12-09T09:00:54","guid":{"rendered":"http:\/\/srv03weblabw\/domini\/ferrari\/?page_id=7"},"modified":"2026-01-30T14:58:44","modified_gmt":"2026-01-30T13:58:44","slug":"homepage","status":"publish","type":"page","link":"https:\/\/albertoferrari.net\/","title":{"rendered":"Homepage"},"content":{"rendered":"<p><div class=\"fusion-fullwidth fullwidth-box fusion-builder-row-1 studio_home hundred-percent-fullwidth non-hundred-percent-height-scrolling\" style=\"background-color: #fafafa;background-position: left bottom;background-repeat: no-repeat;padding-top:20px;padding-right:30px;padding-bottom:20px;padding-left:30px;margin-bottom: 0px;margin-top: 0px;border-width: 0px 0px 0px 0px;border-color:#eae9e9;border-style:solid;\" ><div class=\"fusion-builder-row fusion-row\"><div class=\"fusion-layout-column fusion_builder_column fusion-builder-column-0 fusion_builder_column_1_1 1_1 fusion-one-full fusion-column-first fusion-column-last fusion-column-no-min-height\" style=\"margin-top:0px;margin-bottom:0px;\"><div class=\"fusion-column-wrapper fusion-flex-column-wrapper-legacy\" style=\"background-position:left top;background-repeat:no-repeat;-webkit-background-size:cover;-moz-background-size:cover;-o-background-size:cover;background-size:cover;padding: 0px 0px 0px 0px;\"><div class=\"fusion-text fusion-text-1\" style=\"transform:translate3d(0,0,0);\"><h1 style=\"text-align: center;\"><strong>ATTENZIONE AL CLIENTE<\/strong><br \/>\nTRASPARENZA ED ESPERIENZA<br \/>\nSINONIMI DI <strong>QUALIT\u00c0<\/strong><\/h1>\n<\/div><div class=\"fusion-sep-clear\"><\/div><div class=\"fusion-separator\" style=\"margin-left: auto;margin-right: auto;margin-top:50px;margin-bottom:50px;width:100%;max-width:120px;\"><div class=\"fusion-separator-border sep-single sep-solid\" style=\"border-color:#000000;border-top-width:4px;\"><\/div><\/div><div class=\"fusion-sep-clear\"><\/div><div class=\"fusion-clearfix\"><\/div><\/div><\/div><div class=\"fusion-layout-column fusion_builder_column fusion-builder-column-1 fusion_builder_column_1_1 1_1 fusion-one-full fusion-column-first fusion-column-last fusion-column-no-min-height\" style=\"margin-top:0px;margin-bottom:0px;\"><div class=\"fusion-column-wrapper fusion-flex-column-wrapper-legacy\" style=\"background-position:left top;background-repeat:no-repeat;-webkit-background-size:cover;-moz-background-size:cover;-o-background-size:cover;background-size:cover;padding: 0px 0px 0px 0px;\"><div class=\"fusion-content-boxes content-boxes columns row fusion-columns-3 fusion-columns-total-3 fusion-content-boxes-1 content-boxes-clean-vertical content-left content-boxes-icon-on-top\" data-animationOffset=\"100%\" style=\"margin-top:0px;margin-bottom:10px;\"><style type=\"text\/css\">.fusion-content-boxes-1 .heading .content-box-heading {color:#000000;}\n\t\t\t\t\t.fusion-content-boxes-1 .fusion-content-box-hover .link-area-link-icon-hover .heading .content-box-heading,\n\t\t\t\t\t.fusion-content-boxes-1 .fusion-content-box-hover .link-area-link-icon-hover .heading .heading-link .content-box-heading,\n\t\t\t\t\t.fusion-content-boxes-1 .fusion-content-box-hover .link-area-box-hover .heading .content-box-heading,\n\t\t\t\t\t.fusion-content-boxes-1 .fusion-content-box-hover .link-area-box-hover .heading .heading-link .content-box-heading,\n\t\t\t\t\t.fusion-content-boxes-1 .fusion-content-box-hover .link-area-link-icon-hover.link-area-box .fusion-read-more,\n\t\t\t\t\t.fusion-content-boxes-1 .fusion-content-box-hover .link-area-link-icon-hover.link-area-box .fusion-read-more::after,\n\t\t\t\t\t.fusion-content-boxes-1 .fusion-content-box-hover .link-area-link-icon-hover.link-area-box .fusion-read-more::before,\n\t\t\t\t\t.fusion-content-boxes-1 .fusion-content-box-hover .fusion-read-more:hover:after,\n\t\t\t\t\t.fusion-content-boxes-1 .fusion-content-box-hover .fusion-read-more:hover:before,\n\t\t\t\t\t.fusion-content-boxes-1 .fusion-content-box-hover .fusion-read-more:hover,\n\t\t\t\t\t.fusion-content-boxes-1 .fusion-content-box-hover .link-area-box-hover.link-area-box .fusion-read-more,\n\t\t\t\t\t.fusion-content-boxes-1 .fusion-content-box-hover .link-area-box-hover.link-area-box .fusion-read-more::after,\n\t\t\t\t\t.fusion-content-boxes-1 .fusion-content-box-hover .link-area-box-hover.link-area-box .fusion-read-more::before,\n\t\t\t\t\t.fusion-content-boxes-1 .fusion-content-box-hover .link-area-link-icon-hover .icon .circle-no,\n\t\t\t\t\t.fusion-content-boxes-1 .heading .heading-link:hover .content-box-heading {\n\t\t\t\t\t\tcolor: #1a80b6;\n\t\t\t\t\t}\n\t\t\t\t\t.fusion-content-boxes-1 .fusion-content-box-hover .link-area-box-hover .icon .circle-no {\n\t\t\t\t\t\tcolor: #1a80b6 !important;\n\t\t\t\t\t}.fusion-content-boxes-1 .fusion-content-box-hover .link-area-box.link-area-box-hover .fusion-content-box-button {background: #5aabd6;color: #105378;background-image: -webkit-gradient( linear, left bottom, left top, from( #90c9e8 ), to( #5aabd6 ) );background-image: linear-gradient( to top, #90c9e8, #5aabd6 )}.fusion-content-boxes-1 .fusion-content-box-hover .link-area-box.link-area-box-hover .fusion-content-box-button .fusion-button-text {color: #105378;}\n\t\t\t\t\t.fusion-content-boxes-1 .fusion-content-box-hover .link-area-link-icon-hover .heading .icon > span {\n\t\t\t\t\t\tbackground-color: transparent !important;\n\t\t\t\t\t}\n\t\t\t\t\t.fusion-content-boxes-1 .fusion-content-box-hover .link-area-box-hover .heading .icon > span {\n\t\t\t\t\t\tborder-color: #1a80b6 !important;\n\t\t\t\t\t}<\/style><div style=\"border-color:rgba(255,255,255,0);\" class=\"fusion-column content-box-column content-box-column content-box-column-1 col-lg-4 col-md-4 col-sm-4 fusion-content-box-hover content-box-column-first-in-row\"><div class=\"col content-box-wrapper content-wrapper link-area-link-icon icon-hover-animation-fade\" style=\"background-color:rgba(255,255,255,0);\" data-animationOffset=\"100%\"><div class=\"heading heading-with-icon icon-left\"><div aria-hidden=\"true\" class=\"image\"><img decoding=\"async\" data-src=\"http:\/\/albertoferrari.net\/wp-content\/uploads\/2015\/12\/icon_assistenza.png\" width=\"130\" height=\"130\" alt=\"\" src=\"data:image\/svg+xml;base64,PHN2ZyB3aWR0aD0iMSIgaGVpZ2h0PSIxIiB4bWxucz0iaHR0cDovL3d3dy53My5vcmcvMjAwMC9zdmciPjwvc3ZnPg==\" class=\"lazyload\" style=\"--smush-placeholder-width: 130px; --smush-placeholder-aspect-ratio: 130\/130;\" \/><\/div><h2 class=\"content-box-heading\" style=\"font-size:20px;line-height:25px;\">Assistenza<\/h2><\/div><div class=\"fusion-clearfix\"><\/div><div class=\"content-container\" style=\"color:#7f7f7f;\"> Il nostro studio \u00e8 a disposizione tutti i giorni, dal Luned\u00ec al Venerd\u00ec, dalle ore 10:00 alle ore 12:00 e dalle ore 16:00 alle ore 18:00, oltre ad un <strong>numero verde di pronto intervento 24 ore<\/strong>.<\/div><\/div><\/div><div style=\"border-color:rgba(255,255,255,0);\" class=\"fusion-column content-box-column content-box-column content-box-column-2 col-lg-4 col-md-4 col-sm-4 fusion-content-box-hover \"><div class=\"col content-box-wrapper content-wrapper link-area-link-icon icon-hover-animation-fade\" style=\"background-color:rgba(255,255,255,0);\" data-animationOffset=\"100%\"><div class=\"heading heading-with-icon icon-left\"><div aria-hidden=\"true\" class=\"image\"><img decoding=\"async\" data-src=\"http:\/\/albertoferrari.net\/wp-content\/uploads\/2015\/12\/icona_garanzia.png\" width=\"130\" height=\"130\" alt=\"\" src=\"data:image\/svg+xml;base64,PHN2ZyB3aWR0aD0iMSIgaGVpZ2h0PSIxIiB4bWxucz0iaHR0cDovL3d3dy53My5vcmcvMjAwMC9zdmciPjwvc3ZnPg==\" class=\"lazyload\" style=\"--smush-placeholder-width: 130px; --smush-placeholder-aspect-ratio: 130\/130;\" \/><\/div><h2 class=\"content-box-heading\" style=\"font-size:20px;line-height:25px;\">Aggiornamento costante<\/h2><\/div><div class=\"fusion-clearfix\"><\/div><div class=\"content-container\" style=\"color:#7f7f7f;\">\n<p>Partecipazione a convegni e seminari dedicati, frequenza dei corsi di formazione periodica obbligatori<\/p>\n<\/div><\/div><\/div><div style=\"border-color:rgba(255,255,255,0);\" class=\"fusion-column content-box-column content-box-column content-box-column-3 col-lg-4 col-md-4 col-sm-4 fusion-content-box-hover content-box-column-last content-box-column-last-in-row\"><div class=\"col content-box-wrapper content-wrapper link-area-link-icon icon-hover-animation-fade\" style=\"background-color:rgba(255,255,255,0);\" data-animationOffset=\"100%\"><div class=\"heading heading-with-icon icon-left\"><div aria-hidden=\"true\" class=\"image\"><img decoding=\"async\" data-src=\"http:\/\/albertoferrari.net\/wp-content\/uploads\/2015\/12\/icon_trasparenza.png\" width=\"130\" height=\"130\" alt=\"\" src=\"data:image\/svg+xml;base64,PHN2ZyB3aWR0aD0iMSIgaGVpZ2h0PSIxIiB4bWxucz0iaHR0cDovL3d3dy53My5vcmcvMjAwMC9zdmciPjwvc3ZnPg==\" class=\"lazyload\" style=\"--smush-placeholder-width: 130px; --smush-placeholder-aspect-ratio: 130\/130;\" \/><\/div><h2 class=\"content-box-heading\" style=\"font-size:20px;line-height:25px;\">Trasparenza<\/h2><\/div><div class=\"fusion-clearfix\"><\/div><div class=\"content-container\" style=\"color:#7f7f7f;\">\n<p>Accesso completo ed immediato ai documenti e all&#8217;estratto conto bancario.<br \/>\nDisponibile online il consuntivo provvisorio con copia di tutte le fatture di tutte le spese.<\/p>\n<\/div><\/div><\/div><style type=\"text\/css\">\n\t\t\t\t\t\t.fusion-content-boxes-1 .fusion-content-box-hover .heading-link:hover .icon i.circle-yes,\n\t\t\t\t\t\t.fusion-content-boxes-1 .fusion-content-box-hover .link-area-box:hover .heading-link .icon i.circle-yes,\n\t\t\t\t\t\t.fusion-content-boxes-1 .fusion-content-box-hover .link-area-link-icon-hover .heading .icon i.circle-yes,\n\t\t\t\t\t\t.fusion-content-boxes-1 .fusion-content-box-hover .link-area-box-hover .heading .icon i.circle-yes {\n\t\t\t\t\t\t\tbackground-color: transparent !important;\n\t\t\t\t\t\t\tborder-color: #1a80b6 !important;\n\t\t\t\t\t\t}<\/style><div class=\"fusion-clearfix\"><\/div><\/div><div class=\"fusion-aligncenter\"><style type=\"text\/css\">.fusion-button.button-1 .fusion-button-text, .fusion-button.button-1 i {color:#ffffff;}.fusion-button.button-1 .fusion-button-icon-divider{border-color:#ffffff;}.fusion-button.button-1:hover .fusion-button-text, .fusion-button.button-1:hover i,.fusion-button.button-1:focus .fusion-button-text, .fusion-button.button-1:focus i,.fusion-button.button-1:active .fusion-button-text, .fusion-button.button-1:active{color:#ffffff;}.fusion-button.button-1:hover .fusion-button-icon-divider, .fusion-button.button-1:hover .fusion-button-icon-divider, .fusion-button.button-1:active .fusion-button-icon-divider{border-color:#ffffff;}.fusion-button.button-1:hover, .fusion-button.button-1:focus, .fusion-button.button-1:active{border-color:#ffffff;}.fusion-button.button-1 {border-color:#ffffff;border-radius:2px;}.fusion-button.button-1{background: #1d71b8;}.fusion-button.button-1:hover,.button-1:focus,.fusion-button.button-1:active{background: #235986;}<\/style><a class=\"fusion-button button-flat button-large button-custom button-1 fusion-button-default-span \" target=\"_self\" href=\"http:\/\/albertoferrari.net\/index.php\/servizi\/\"><span class=\"fusion-button-icon-divider button-icon-divider-left\"><i class=\" fa fa-chevron-right\" aria-hidden=\"true\"><\/i><\/span><span class=\"fusion-button-text fusion-button-text-left\">TUTTI I SERVIZI<\/span><\/a><\/div><div class=\"fusion-sep-clear\"><\/div><div class=\"fusion-separator fusion-full-width-sep\" style=\"margin-left: auto;margin-right: auto;margin-top:20px;margin-bottom:20px;width:100%;\"><\/div><div class=\"fusion-sep-clear\"><\/div><div class=\"fusion-clearfix\"><\/div><\/div><\/div><\/div><\/div><div class=\"fusion-bg-parallax\" data-bg-align=\"center center\" data-direction=\"up\" data-mute=\"false\" data-opacity=\"100\" data-velocity=\"-0.3\" data-mobile-enabled=\"false\" data-break_parents=\"0\" data-bg-image=\"http:\/\/albertoferrari.net\/wp-content\/uploads\/2015\/12\/bg_interrupt.jpg\" data-bg-repeat=\"false\" ><\/div><div class=\"fusion-fullwidth fullwidth-box fusion-builder-row-2 fusion-parallax-up hundred-percent-fullwidth non-hundred-percent-height-scrolling lazyload\" style=\"background-color: rgba(255,255,255,0);background-image:inherit;background-position: center center;background-repeat: no-repeat;padding-top:150px;padding-right:30px;padding-bottom:150px;padding-left:30px;margin-bottom: 0px;margin-top: 0px;border-width: 0px 0px 0px 0px;border-color:#eae9e9;border-style:solid;-webkit-background-size:cover;-moz-background-size:cover;-o-background-size:cover;background-size:cover;\"  data-bg-image=\"url(&quot;http:\/\/albertoferrari.net\/wp-content\/uploads\/2015\/12\/bg_interrupt.jpg&quot;)\"><div class=\"fusion-builder-row fusion-row\"><div class=\"fusion-layout-column fusion_builder_column fusion-builder-column-2 fusion_builder_column_1_4 1_4 fusion-one-fourth fusion-column-first\" style=\"width:22%; margin-right: 4%;margin-top:0px;margin-bottom:20px;\"><div class=\"fusion-column-wrapper fusion-flex-column-wrapper-legacy\" style=\"background-position:left top;background-repeat:no-repeat;-webkit-background-size:cover;-moz-background-size:cover;-o-background-size:cover;background-size:cover;padding: 0px 0px 0px 0px;\"><div class=\"fusion-clearfix\"><\/div><\/div><\/div><div class=\"fusion-layout-column fusion_builder_column fusion-builder-column-3 fusion_builder_column_1_2 1_2 fusion-one-half box_studio_home\" style=\"width:48%; margin-right: 4%;margin-top:0px;margin-bottom:20px;\"><div class=\"fusion-column-wrapper fusion-flex-column-wrapper-legacy\" style=\"background-position:left top;background-repeat:no-repeat;-webkit-background-size:cover;-moz-background-size:cover;-o-background-size:cover;background-size:cover;padding: 30px 30px 30px 30px;\"><div class=\"fusion-text fusion-text-2\" style=\"transform:translate3d(0,0,0);\"><h1 style=\"text-align: center;\"><strong>ALBERTO FERRARI<\/strong> STUDIO<\/h1>\n<\/div><div class=\"fusion-sep-clear\"><\/div><div class=\"fusion-separator\" style=\"margin-left: auto;margin-right: auto;margin-top:10px;margin-bottom:40px;width:100%;max-width:120px;\"><div class=\"fusion-separator-border sep-single sep-solid\" style=\"border-color:#000000;border-top-width:4px;\"><\/div><\/div><div class=\"fusion-sep-clear\"><\/div><div class=\"fusion-text fusion-text-3\" style=\"transform:translate3d(0,0,0);\"><p style=\"text-align: center;\"><strong>Alberto Ferrari Studio<\/strong> nasce nell\u2019anno 2002, con l\u2019obiettivo di diventare un punto di riferimento nell\u2019ambito delle amministrazioni condominiali e immobiliari.<\/p>\n<p style=\"text-align: center;\">Fin dagli esordi si caratterizza per una forte propensione all\u2019informatizzazione e alla cura del cliente, nella consapevolezza che la gestione degli immobili deve essere affrontata con un modello strutturato ed organizzato.<\/p>\n<\/div><div class=\"fusion-clearfix\"><\/div><\/div><\/div><div class=\"fusion-layout-column fusion_builder_column fusion-builder-column-4 fusion_builder_column_1_4 1_4 fusion-one-fourth fusion-column-last\" style=\"width:22%;margin-top:0px;margin-bottom:20px;\"><div class=\"fusion-column-wrapper fusion-flex-column-wrapper-legacy\" style=\"background-position:left top;background-repeat:no-repeat;-webkit-background-size:cover;-moz-background-size:cover;-o-background-size:cover;background-size:cover;padding: 0px 0px 0px 0px;\"><div class=\"fusion-clearfix\"><\/div><\/div><\/div><\/div><\/div><div class=\"fusion-fullwidth fullwidth-box fusion-builder-row-3 fusion-parallax-none nonhundred-percent-fullwidth non-hundred-percent-height-scrolling lazyload\" style=\"background-color: rgba(255,255,255,0);background-image:inherit;background-position: center center;background-repeat: no-repeat;padding-top:100px;padding-right:0px;padding-bottom:100px;padding-left:0px;margin-bottom: 0px;margin-top: 0px;border-width: 1px 0px 1px 0px;border-color:#eaeaea;border-style:solid;-webkit-background-size:cover;-moz-background-size:cover;-o-background-size:cover;background-size:cover;\"  data-bg-image=\"url(&quot;http:\/\/albertoferrari.net\/wp-content\/uploads\/2015\/12\/bg_telefono_home.jpg&quot;)\"><div class=\"fusion-builder-row fusion-row\"><div class=\"fusion-layout-column fusion_builder_column fusion-builder-column-5 fusion_builder_column_3_5 3_5 fusion-three-fifth fusion-column-first\" style=\"width:58.4%; margin-right: 4%;margin-top:0px;margin-bottom:20px;\"><div class=\"fusion-column-wrapper fusion-flex-column-wrapper-legacy\" style=\"background-position:left top;background-repeat:no-repeat;-webkit-background-size:cover;-moz-background-size:cover;-o-background-size:cover;background-size:cover;padding: 0px 0px 0px 0px;\"><div class=\"fusion-text fusion-text-4\" style=\"transform:translate3d(0,0,0);\"><h1 style=\"text-align: center;\"><strong>ASSISTENZA TELEFONICA<\/strong>: siamo qua per risolvere i tuoi problemi<\/h1>\n<\/div><div class=\"fusion-sep-clear\"><\/div><div class=\"fusion-separator\" style=\"margin-left: auto;margin-right: auto;margin-top:10px;margin-bottom:40px;width:100%;max-width:120px;\"><div class=\"fusion-separator-border sep-single sep-solid\" style=\"border-color:#000000;border-top-width:4px;\"><\/div><\/div><div class=\"fusion-sep-clear\"><\/div><div class=\"fusion-text fusion-text-5\" style=\"transform:translate3d(0,0,0);\"><p style=\"text-align: center;\">Il <strong>supporto telefonico<\/strong> \u00e8 a vostra disposizione per ottenere chiarimenti sia di carattere amministrativo che tecnico, segnalare guasti o richiedere un appuntamento presso lo Studio.<\/p>\n<p style=\"text-align: center;\">Per qualsiasi dubbio, esigenza particolare o richieste di preventivo non esitate a contattarci, saremo lieti di rispondervi.<\/p>\n<\/div><div class=\"telefono\"><i class=\"fa fa-mobile\"><\/i> 0425 460175<\/div><div class=\"imageframe-align-center\"><span class=\" fusion-imageframe imageframe-none imageframe-1 hover-type-none\"><img decoding=\"async\" data-src=\"http:\/\/albertoferrari.net\/wp-content\/uploads\/2015\/12\/numeroverde.png\" class=\"img-responsive lazyload\" src=\"data:image\/svg+xml;base64,PHN2ZyB3aWR0aD0iMSIgaGVpZ2h0PSIxIiB4bWxucz0iaHR0cDovL3d3dy53My5vcmcvMjAwMC9zdmciPjwvc3ZnPg==\" \/><\/span><\/div><div class=\"fusion-clearfix\"><\/div><\/div><\/div><\/div><\/div><\/p>\n","protected":false},"excerpt":{"rendered":"","protected":false},"author":1,"featured_media":0,"parent":0,"menu_order":0,"comment_status":"closed","ping_status":"closed","template":"100-width.php","meta":{"footnotes":""},"class_list":["post-7","page","type-page","status-publish","hentry"],"yoast_head":"<!-- This site is optimized with the Yoast SEO plugin v27.4 - https:\/\/yoast.com\/product\/yoast-seo-wordpress\/ -->\n<title>Amministrazioni Condominiali Rovigo | Alberto Ferrari Studio<\/title>\n<meta name=\"description\" content=\"In un mercato ancora privo di regolamentazione e qualificazione, siamo una realt\u00e0 conosciuta e apprezzata nel settore delle amministrazioni condominiali.\" \/>\n<meta name=\"robots\" content=\"index, follow, max-snippet:-1, max-image-preview:large, max-video-preview:-1\" \/>\n<link rel=\"canonical\" href=\"https:\/\/albertoferrari.net\/\" \/>\n<meta property=\"og:locale\" content=\"it_IT\" \/>\n<meta property=\"og:type\" content=\"article\" \/>\n<meta property=\"og:title\" content=\"Amministrazioni Condominiali Rovigo | Alberto Ferrari Studio\" \/>\n<meta property=\"og:description\" content=\"In un mercato ancora privo di regolamentazione e qualificazione, siamo una realt\u00e0 conosciuta e apprezzata nel settore delle amministrazioni condominiali.\" \/>\n<meta property=\"og:url\" content=\"https:\/\/albertoferrari.net\/\" \/>\n<meta property=\"og:site_name\" content=\"Amministrazioni Condominiali Rovigo - Alberto Ferrari Studio\" \/>\n<meta property=\"article:publisher\" content=\"https:\/\/www.facebook.com\/studioalbertoferrari\" \/>\n<meta property=\"article:modified_time\" content=\"2026-01-30T13:58:44+00:00\" \/>\n<meta property=\"og:image\" content=\"http:\/\/albertoferrari.net\/wp-content\/uploads\/2015\/12\/numeroverde.png\" \/>\n<meta name=\"twitter:card\" content=\"summary_large_image\" \/>\n<meta name=\"twitter:site\" content=\"@Studio_Ferrari\" \/>\n<meta name=\"twitter:label1\" content=\"Tempo di lettura stimato\" \/>\n\t<meta name=\"twitter:data1\" content=\"6 minuti\" \/>\n<script type=\"application\/ld+json\" class=\"yoast-schema-graph\">{\"@context\":\"https:\\\/\\\/schema.org\",\"@graph\":[{\"@type\":\"WebPage\",\"@id\":\"https:\\\/\\\/albertoferrari.net\\\/\",\"url\":\"https:\\\/\\\/albertoferrari.net\\\/\",\"name\":\"Amministrazioni Condominiali Rovigo | Alberto Ferrari Studio\",\"isPartOf\":{\"@id\":\"https:\\\/\\\/albertoferrari.net\\\/#website\"},\"primaryImageOfPage\":{\"@id\":\"https:\\\/\\\/albertoferrari.net\\\/#primaryimage\"},\"image\":{\"@id\":\"https:\\\/\\\/albertoferrari.net\\\/#primaryimage\"},\"thumbnailUrl\":\"http:\\\/\\\/albertoferrari.net\\\/wp-content\\\/uploads\\\/2015\\\/12\\\/numeroverde.png\",\"datePublished\":\"2015-12-09T09:00:54+00:00\",\"dateModified\":\"2026-01-30T13:58:44+00:00\",\"description\":\"In un mercato ancora privo di regolamentazione e qualificazione, siamo una realt\u00e0 conosciuta e apprezzata nel settore delle amministrazioni condominiali.\",\"breadcrumb\":{\"@id\":\"https:\\\/\\\/albertoferrari.net\\\/#breadcrumb\"},\"inLanguage\":\"it-IT\",\"potentialAction\":[{\"@type\":\"ReadAction\",\"target\":[\"https:\\\/\\\/albertoferrari.net\\\/\"]}]},{\"@type\":\"ImageObject\",\"inLanguage\":\"it-IT\",\"@id\":\"https:\\\/\\\/albertoferrari.net\\\/#primaryimage\",\"url\":\"https:\\\/\\\/albertoferrari.net\\\/wp-content\\\/uploads\\\/2015\\\/12\\\/numeroverde.png\",\"contentUrl\":\"https:\\\/\\\/albertoferrari.net\\\/wp-content\\\/uploads\\\/2015\\\/12\\\/numeroverde.png\",\"width\":371,\"height\":136,\"caption\":\"Alberto Ferrari Studio - Pronto Intervento\"},{\"@type\":\"BreadcrumbList\",\"@id\":\"https:\\\/\\\/albertoferrari.net\\\/#breadcrumb\",\"itemListElement\":[{\"@type\":\"ListItem\",\"position\":1,\"name\":\"Home\",\"item\":\"https:\\\/\\\/albertoferrari.net\\\/\"},{\"@type\":\"ListItem\",\"position\":2,\"name\":\"Homepage\"}]},{\"@type\":\"WebSite\",\"@id\":\"https:\\\/\\\/albertoferrari.net\\\/#website\",\"url\":\"https:\\\/\\\/albertoferrari.net\\\/\",\"name\":\"Amministrazioni Condominiali Rovigo - Alberto Ferrari Studio\",\"description\":\"\",\"potentialAction\":[{\"@type\":\"SearchAction\",\"target\":{\"@type\":\"EntryPoint\",\"urlTemplate\":\"https:\\\/\\\/albertoferrari.net\\\/?s={search_term_string}\"},\"query-input\":{\"@type\":\"PropertyValueSpecification\",\"valueRequired\":true,\"valueName\":\"search_term_string\"}}],\"inLanguage\":\"it-IT\"}]}<\/script>\n<!-- \/ Yoast SEO plugin. -->","yoast_head_json":{"title":"Amministrazioni Condominiali Rovigo | Alberto Ferrari Studio","description":"In un mercato ancora privo di regolamentazione e qualificazione, siamo una realt\u00e0 conosciuta e apprezzata nel settore delle amministrazioni condominiali.","robots":{"index":"index","follow":"follow","max-snippet":"max-snippet:-1","max-image-preview":"max-image-preview:large","max-video-preview":"max-video-preview:-1"},"canonical":"https:\/\/albertoferrari.net\/","og_locale":"it_IT","og_type":"article","og_title":"Amministrazioni Condominiali Rovigo | Alberto Ferrari Studio","og_description":"In un mercato ancora privo di regolamentazione e qualificazione, siamo una realt\u00e0 conosciuta e apprezzata nel settore delle amministrazioni condominiali.","og_url":"https:\/\/albertoferrari.net\/","og_site_name":"Amministrazioni Condominiali Rovigo - Alberto Ferrari Studio","article_publisher":"https:\/\/www.facebook.com\/studioalbertoferrari","article_modified_time":"2026-01-30T13:58:44+00:00","og_image":[{"url":"http:\/\/albertoferrari.net\/wp-content\/uploads\/2015\/12\/numeroverde.png","type":"","width":"","height":""}],"twitter_card":"summary_large_image","twitter_site":"@Studio_Ferrari","twitter_misc":{"Tempo di lettura stimato":"6 minuti"},"schema":{"@context":"https:\/\/schema.org","@graph":[{"@type":"WebPage","@id":"https:\/\/albertoferrari.net\/","url":"https:\/\/albertoferrari.net\/","name":"Amministrazioni Condominiali Rovigo | Alberto Ferrari Studio","isPartOf":{"@id":"https:\/\/albertoferrari.net\/#website"},"primaryImageOfPage":{"@id":"https:\/\/albertoferrari.net\/#primaryimage"},"image":{"@id":"https:\/\/albertoferrari.net\/#primaryimage"},"thumbnailUrl":"http:\/\/albertoferrari.net\/wp-content\/uploads\/2015\/12\/numeroverde.png","datePublished":"2015-12-09T09:00:54+00:00","dateModified":"2026-01-30T13:58:44+00:00","description":"In un mercato ancora privo di regolamentazione e qualificazione, siamo una realt\u00e0 conosciuta e apprezzata nel settore delle amministrazioni condominiali.","breadcrumb":{"@id":"https:\/\/albertoferrari.net\/#breadcrumb"},"inLanguage":"it-IT","potentialAction":[{"@type":"ReadAction","target":["https:\/\/albertoferrari.net\/"]}]},{"@type":"ImageObject","inLanguage":"it-IT","@id":"https:\/\/albertoferrari.net\/#primaryimage","url":"https:\/\/albertoferrari.net\/wp-content\/uploads\/2015\/12\/numeroverde.png","contentUrl":"https:\/\/albertoferrari.net\/wp-content\/uploads\/2015\/12\/numeroverde.png","width":371,"height":136,"caption":"Alberto Ferrari Studio - Pronto Intervento"},{"@type":"BreadcrumbList","@id":"https:\/\/albertoferrari.net\/#breadcrumb","itemListElement":[{"@type":"ListItem","position":1,"name":"Home","item":"https:\/\/albertoferrari.net\/"},{"@type":"ListItem","position":2,"name":"Homepage"}]},{"@type":"WebSite","@id":"https:\/\/albertoferrari.net\/#website","url":"https:\/\/albertoferrari.net\/","name":"Amministrazioni Condominiali Rovigo - Alberto Ferrari Studio","description":"","potentialAction":[{"@type":"SearchAction","target":{"@type":"EntryPoint","urlTemplate":"https:\/\/albertoferrari.net\/?s={search_term_string}"},"query-input":{"@type":"PropertyValueSpecification","valueRequired":true,"valueName":"search_term_string"}}],"inLanguage":"it-IT"}]}},"_links":{"self":[{"href":"https:\/\/albertoferrari.net\/index.php\/wp-json\/wp\/v2\/pages\/7","targetHints":{"allow":["GET"]}}],"collection":[{"href":"https:\/\/albertoferrari.net\/index.php\/wp-json\/wp\/v2\/pages"}],"about":[{"href":"https:\/\/albertoferrari.net\/index.php\/wp-json\/wp\/v2\/types\/page"}],"author":[{"embeddable":true,"href":"https:\/\/albertoferrari.net\/index.php\/wp-json\/wp\/v2\/users\/1"}],"replies":[{"embeddable":true,"href":"https:\/\/albertoferrari.net\/index.php\/wp-json\/wp\/v2\/comments?post=7"}],"version-history":[{"count":73,"href":"https:\/\/albertoferrari.net\/index.php\/wp-json\/wp\/v2\/pages\/7\/revisions"}],"predecessor-version":[{"id":1505,"href":"https:\/\/albertoferrari.net\/index.php\/wp-json\/wp\/v2\/pages\/7\/revisions\/1505"}],"wp:attachment":[{"href":"https:\/\/albertoferrari.net\/index.php\/wp-json\/wp\/v2\/media?parent=7"}],"curies":[{"name":"wp","href":"https:\/\/api.w.org\/{rel}","templated":true}]}}